{"id":54,"date":"2021-03-23T00:12:19","date_gmt":"2021-03-23T00:12:19","guid":{"rendered":"http:\/\/impresionesperu21.com\/?page_id=54"},"modified":"2025-02-05T16:52:37","modified_gmt":"2025-02-05T16:52:37","slug":"carreras","status":"publish","type":"page","link":"https:\/\/www.vex-ai.com\/es-us\/empresa-de-inteligencia-artificial\/carreras\/","title":{"rendered":"Carreras"},"content":{"rendered":"\n\t<section class=\"section\" id=\"section_1064966658\">\n\t\t<div class=\"bg section-bg fill bg-fill  bg-loaded\" >\n\n\t\t\t\n\t\t\t\n\t\t\t\n\t<div class=\"is-border\"\n\t\tstyle=\"border-color:rgb(235, 235, 235);border-width:1px 0px 0px 0px;\">\n\t<\/div>\n\n\t\t<\/div>\n\n\t\t\n\n\t\t<div class=\"section-content relative\">\n\t\t\t\n\n<div class=\"row row-large row-dashed\"  id=\"row-1338757882\">\n\n\n\t<div id=\"col-1318639193\" class=\"col medium-4 small-12 large-4\"  >\n\t\t\t\t<div class=\"col-inner box-shadow-2 box-shadow-5-hover dark\" style=\"background-color:#0000e5;\" >\n\t\t\t\n\t\t\t\n\n\t<div class=\"box has-hover   has-hover box-text-bottom\" >\n\n\t\t<div class=\"box-image\" >\n\t\t\t\t\t\t<div class=\"image-cover\" style=\"padding-top:56.25%;\">\n\t\t\t\t<img loading=\"lazy\" decoding=\"async\" width=\"600\" height=\"400\" src=\"https:\/\/www.vex-ai.com\/es-us\/wp-content\/uploads\/2022\/09\/bussiness-people-working-in-team-in-an-officesmall.jpg\" class=\"attachment- size-\" alt=\"\" \/>\t\t\t\t\t\t\t\t\t\t\t<\/div>\n\t\t\t\t\t<\/div>\n\n\t\t<div class=\"box-text text-center\" >\n\t\t\t<div class=\"box-text-inner\">\n\t\t\t\t\n\n\t<div id=\"text-1534374054\" class=\"text\">\n\t\t\n\n<h1>\u00a1\u00danete a nuestro equipo!<\/h1>\n<p>Somos un equipo con s\u00f3lidos valores y excelente profesionalismo, donde puedes desarrollar a\u00fan m\u00e1s tu carrera y alcanzar tus pr\u00f3ximos desaf\u00edos profesionales.<\/p>\n\t\t\n<style>\n#text-1534374054 {\n  color: rgb(255,255,255);\n}\n#text-1534374054 > * {\n  color: rgb(255,255,255);\n}\n<\/style>\n\t<\/div>\n\t\n\n\t\t\t<\/div>\n\t\t<\/div>\n\t<\/div>\n\t\n\n\t\t<\/div>\n\t\t\t\t\n<style>\n#col-1318639193 > .col-inner {\n  padding: 15px 15px 15px 15px;\n}\n<\/style>\n\t<\/div>\n\n\t\n\n\t<div id=\"col-116686978\" class=\"col medium-4 small-12 large-4\"  >\n\t\t\t\t<div class=\"col-inner text-left\"  >\n\t\t\t\n\t\t\t\n\n<h1><strong>Trabaja con Vex AI<\/strong><\/h1>\n\t<div id=\"text-3774779872\" class=\"text\">\n\t\t\n\n<h3>Puestos Disponibles<\/h3>\n<ul>\n<li>Ingenieros de Calidad<\/li>\n<li>Ingenieros Full-stack<\/li>\n<li>Especialistas en Automatizaci\u00f3n<\/li>\n<li>Ingenieros Industriales<\/li>\n<li>Ingenieros de Software<\/li>\n<li>Ingenieros de Procesos<\/li>\n<\/ul>\n\t\t\n<style>\n#text-3774779872 {\n  text-align: left;\n}\n<\/style>\n\t<\/div>\n\t\n<a class=\"button primary\"  >\n    <span>CONT\u00c1CTANOS<\/span>\n  <\/a>\n\n\n\n\t\t<\/div>\n\t\t\t\t\n<style>\n#col-116686978 > .col-inner {\n  padding: 0px 0px 0px 52px;\n}\n<\/style>\n\t<\/div>\n\n\t\n\n\t<div id=\"col-1087225087\" class=\"col medium-4 small-12 large-4\"  >\n\t\t\t\t<div class=\"col-inner text-left\"  >\n\t\t\t\n\t\t\t\n\n\t<div id=\"text-2242299803\" class=\"text\">\n\t\t\n\n<h3> <\/h3>\n<ul>\n<li>Ingeniero de Dise\u00f1o Mec\u00e1nico<\/li>\n<li>Dise\u00f1adores Mec\u00e1nicos con Experiencia<\/li>\n<li>T\u00e9cnico en Controles de Procesos<\/li>\n<li>T\u00e9cnico en Mantenimiento de Equipos<\/li>\n<li>T\u00e9cnico en Control de Producci\u00f3n<\/li>\n<li>L\u00edder de Operaciones &#8211; Supervisor de Seguridad<\/li>\n<\/ul>\n\t\t\n<style>\n#text-2242299803 {\n  text-align: left;\n}\n<\/style>\n\t<\/div>\n\t\n\n\t\t<\/div>\n\t\t\t\t\n<style>\n#col-1087225087 > .col-inner {\n  padding: 0px 0px 0px 52px;\n}\n<\/style>\n\t<\/div>\n\n\t\n\n\n<style>\n#row-1338757882 > .col > .col-inner {\n  background-color: rgb(225, 225, 225);\n}\n<\/style>\n<\/div>\n\n\t\t<\/div>\n\n\t\t\n<style>\n#section_1064966658 {\n  padding-top: 30px;\n  padding-bottom: 30px;\n  min-height: 300px;\n  background-color: rgb(228, 228, 228);\n}\n<\/style>\n\t<\/section>\n\t\n\n","protected":false},"excerpt":{"rendered":"","protected":false},"author":7,"featured_media":0,"parent":30,"menu_order":0,"comment_status":"closed","ping_status":"closed","template":"","meta":{"footnotes":""},"class_list":["post-54","page","type-page","status-publish","hentry"],"yoast_head":"<!-- This site is optimized with the Yoast SEO plugin v24.8.1 - https:\/\/yoast.com\/wordpress\/plugins\/seo\/ -->\n<title>Carreras - Vex Ai New York, New Jersey United States<\/title>\n<meta name=\"description\" content=\"Carreras &amp; Oportunidades de trabajo, empleos a tiempo completo, part time, a distancia y remoto de Inteligencia Artificial, IA, Postula Ya!\" \/>\n<meta name=\"robots\" content=\"index, follow, max-snippet:-1, max-image-preview:large, max-video-preview:-1\" \/>\n<link rel=\"canonical\" href=\"https:\/\/www.vex-ai.com\/es-us\/empresa-de-inteligencia-artificial\/carreras\/\" \/>\n<meta property=\"og:locale\" content=\"es_ES\" \/>\n<meta property=\"og:type\" content=\"article\" \/>\n<meta property=\"og:title\" content=\"Carreras - Vex Ai New York, New Jersey United States\" \/>\n<meta property=\"og:description\" content=\"Carreras &amp; Oportunidades de trabajo, empleos a tiempo completo, part time, a distancia y remoto de Inteligencia Artificial, IA, Postula Ya!\" \/>\n<meta property=\"og:url\" content=\"https:\/\/www.vex-ai.com\/es-us\/empresa-de-inteligencia-artificial\/carreras\/\" \/>\n<meta property=\"og:site_name\" content=\"Vex Ai New York, New Jersey United States\" \/>\n<meta property=\"article:modified_time\" content=\"2025-02-05T16:52:37+00:00\" \/>\n<meta name=\"twitter:card\" content=\"summary_large_image\" \/>\n<meta name=\"twitter:label1\" content=\"Tiempo de lectura\" \/>\n\t<meta name=\"twitter:data1\" content=\"1 minuto\" \/>\n<script type=\"application\/ld+json\" class=\"yoast-schema-graph\">{\"@context\":\"https:\/\/schema.org\",\"@graph\":[{\"@type\":\"WebPage\",\"@id\":\"https:\/\/www.vex-ai.com\/es-us\/empresa-de-inteligencia-artificial\/carreras\/\",\"url\":\"https:\/\/www.vex-ai.com\/es-us\/empresa-de-inteligencia-artificial\/carreras\/\",\"name\":\"Carreras - Vex Ai New York, New Jersey United States\",\"isPartOf\":{\"@id\":\"https:\/\/www.vex-ai.com\/es-us\/#website\"},\"datePublished\":\"2021-03-23T00:12:19+00:00\",\"dateModified\":\"2025-02-05T16:52:37+00:00\",\"description\":\"Carreras & Oportunidades de trabajo, empleos a tiempo completo, part time, a distancia y remoto de Inteligencia Artificial, IA, Postula Ya!\",\"breadcrumb\":{\"@id\":\"https:\/\/www.vex-ai.com\/es-us\/empresa-de-inteligencia-artificial\/carreras\/#breadcrumb\"},\"inLanguage\":\"es\",\"potentialAction\":[{\"@type\":\"ReadAction\",\"target\":[\"https:\/\/www.vex-ai.com\/es-us\/empresa-de-inteligencia-artificial\/carreras\/\"]}]},{\"@type\":\"BreadcrumbList\",\"@id\":\"https:\/\/www.vex-ai.com\/es-us\/empresa-de-inteligencia-artificial\/carreras\/#breadcrumb\",\"itemListElement\":[{\"@type\":\"ListItem\",\"position\":1,\"name\":\"Portada\",\"item\":\"https:\/\/www.vex-ai.com\/es-us\/\"},{\"@type\":\"ListItem\",\"position\":2,\"name\":\"Empresa de inteligencia artificial\",\"item\":\"https:\/\/www.vex-ai.com\/es-us\/empresa-de-inteligencia-artificial\/\"},{\"@type\":\"ListItem\",\"position\":3,\"name\":\"Carreras\"}]},{\"@type\":\"WebSite\",\"@id\":\"https:\/\/www.vex-ai.com\/es-us\/#website\",\"url\":\"https:\/\/www.vex-ai.com\/es-us\/\",\"name\":\"Vex Ai New York, New Jersey United States\",\"description\":\"Artificial Intelligence Software development company\",\"potentialAction\":[{\"@type\":\"SearchAction\",\"target\":{\"@type\":\"EntryPoint\",\"urlTemplate\":\"https:\/\/www.vex-ai.com\/es-us\/?s={search_term_string}\"},\"query-input\":{\"@type\":\"PropertyValueSpecification\",\"valueRequired\":true,\"valueName\":\"search_term_string\"}}],\"inLanguage\":\"es\"}]}<\/script>\n<!-- \/ Yoast SEO plugin. -->","yoast_head_json":{"title":"Carreras - Vex Ai New York, New Jersey United States","description":"Carreras & Oportunidades de trabajo, empleos a tiempo completo, part time, a distancia y remoto de Inteligencia Artificial, IA, Postula Ya!","robots":{"index":"index","follow":"follow","max-snippet":"max-snippet:-1","max-image-preview":"max-image-preview:large","max-video-preview":"max-video-preview:-1"},"canonical":"https:\/\/www.vex-ai.com\/es-us\/empresa-de-inteligencia-artificial\/carreras\/","og_locale":"es_ES","og_type":"article","og_title":"Carreras - Vex Ai New York, New Jersey United States","og_description":"Carreras & Oportunidades de trabajo, empleos a tiempo completo, part time, a distancia y remoto de Inteligencia Artificial, IA, Postula Ya!","og_url":"https:\/\/www.vex-ai.com\/es-us\/empresa-de-inteligencia-artificial\/carreras\/","og_site_name":"Vex Ai New York, New Jersey United States","article_modified_time":"2025-02-05T16:52:37+00:00","twitter_card":"summary_large_image","twitter_misc":{"Tiempo de lectura":"1 minuto"},"schema":{"@context":"https:\/\/schema.org","@graph":[{"@type":"WebPage","@id":"https:\/\/www.vex-ai.com\/es-us\/empresa-de-inteligencia-artificial\/carreras\/","url":"https:\/\/www.vex-ai.com\/es-us\/empresa-de-inteligencia-artificial\/carreras\/","name":"Carreras - Vex Ai New York, New Jersey United States","isPartOf":{"@id":"https:\/\/www.vex-ai.com\/es-us\/#website"},"datePublished":"2021-03-23T00:12:19+00:00","dateModified":"2025-02-05T16:52:37+00:00","description":"Carreras & Oportunidades de trabajo, empleos a tiempo completo, part time, a distancia y remoto de Inteligencia Artificial, IA, Postula Ya!","breadcrumb":{"@id":"https:\/\/www.vex-ai.com\/es-us\/empresa-de-inteligencia-artificial\/carreras\/#breadcrumb"},"inLanguage":"es","potentialAction":[{"@type":"ReadAction","target":["https:\/\/www.vex-ai.com\/es-us\/empresa-de-inteligencia-artificial\/carreras\/"]}]},{"@type":"BreadcrumbList","@id":"https:\/\/www.vex-ai.com\/es-us\/empresa-de-inteligencia-artificial\/carreras\/#breadcrumb","itemListElement":[{"@type":"ListItem","position":1,"name":"Portada","item":"https:\/\/www.vex-ai.com\/es-us\/"},{"@type":"ListItem","position":2,"name":"Empresa de inteligencia artificial","item":"https:\/\/www.vex-ai.com\/es-us\/empresa-de-inteligencia-artificial\/"},{"@type":"ListItem","position":3,"name":"Carreras"}]},{"@type":"WebSite","@id":"https:\/\/www.vex-ai.com\/es-us\/#website","url":"https:\/\/www.vex-ai.com\/es-us\/","name":"Vex Ai New York, New Jersey United States","description":"Artificial Intelligence Software development company","potentialAction":[{"@type":"SearchAction","target":{"@type":"EntryPoint","urlTemplate":"https:\/\/www.vex-ai.com\/es-us\/?s={search_term_string}"},"query-input":{"@type":"PropertyValueSpecification","valueRequired":true,"valueName":"search_term_string"}}],"inLanguage":"es"}]}},"_links":{"self":[{"href":"https:\/\/www.vex-ai.com\/es-us\/wp-json\/wp\/v2\/pages\/54","targetHints":{"allow":["GET"]}}],"collection":[{"href":"https:\/\/www.vex-ai.com\/es-us\/wp-json\/wp\/v2\/pages"}],"about":[{"href":"https:\/\/www.vex-ai.com\/es-us\/wp-json\/wp\/v2\/types\/page"}],"author":[{"embeddable":true,"href":"https:\/\/www.vex-ai.com\/es-us\/wp-json\/wp\/v2\/users\/7"}],"replies":[{"embeddable":true,"href":"https:\/\/www.vex-ai.com\/es-us\/wp-json\/wp\/v2\/comments?post=54"}],"version-history":[{"count":51,"href":"https:\/\/www.vex-ai.com\/es-us\/wp-json\/wp\/v2\/pages\/54\/revisions"}],"predecessor-version":[{"id":6607,"href":"https:\/\/www.vex-ai.com\/es-us\/wp-json\/wp\/v2\/pages\/54\/revisions\/6607"}],"up":[{"embeddable":true,"href":"https:\/\/www.vex-ai.com\/es-us\/wp-json\/wp\/v2\/pages\/30"}],"wp:attachment":[{"href":"https:\/\/www.vex-ai.com\/es-us\/wp-json\/wp\/v2\/media?parent=54"}],"curies":[{"name":"wp","href":"https:\/\/api.w.org\/{rel}","templated":true}]}}